{"id":21,"date":"2025-02-07T13:04:49","date_gmt":"2025-02-07T13:04:49","guid":{"rendered":"https:\/\/www.gestioneslaidea.cl\/?page_id=21"},"modified":"2025-02-07T22:38:32","modified_gmt":"2025-02-07T22:38:32","slug":"home","status":"publish","type":"page","link":"https:\/\/www.innovatch.cl\/","title":{"rendered":"Home"},"content":{"rendered":"\n\n\n\n\n\n\n\n<h6>TOTALMENTE OPTIMIZADO\n<\/h6>\n<h2>La soluci\u00f3n perfecta <br>para todos<\/h2>\n\n\n\n\n\n\n\n<h6>Quienes somos<\/h6>\n<h2>Innovatch<\/h2>\n<p>Es una empresa creada por especilialista de Networking, infraestructura y servicio de Ciberseguridad, orientada a Servicios y soluciones para dar continuidad operativa a las organizaciones.\nPodemos apoyar en servicios de consultoria, cumplimiento, seguridad ofensiva y defensiva para la organizacion. Al haber estado en ambos lados, tanto como cliente como proveedor, tenemos la mirada 360 de lo que la organizacion, sin importar su tama\u00f1o, necesita cumplir. \nHoy en dia apoyamos en las normativas para Industrias con OT, (ISO 27001, NERC-CIP, NIST e ISA\/IEC 62443) como a la Industria IT. \nGarantizamos una respuesta r\u00e1pida ante incidentes de seguridad y colaboramos con los principales proveedores tecnol\u00f3gicos para ofrecer la m\u00e1xima protecci\u00f3n y seguridad.<\/h2>\n\n99% Malware Detection Removal\nQualified IT Experts\nOur Work Process With Clients\n\n\n\n\n\n<h6>Seguimiento en linea<\/h6>\n<h2>Apoyo a la gran, mediana y peque\u00f1a empresa<\/h2>\n\n\n\n\n<p>Lorem ipsum dolor sit amet, consetetur sadipscing elitr, sed diam nonumy eirmod tempor invidunt ut labore et dolore magna aliquyam erat, sed diam voluptua.<\/p>\n\n\n\n\n\n\n<p> Lorem ipsum dolor sit amet, consectetur adipiscing elit, sed do eiusmod tempor incididunt ut labore et dolore magna aliqua. Ut enim ad minim veniam, quis nostrud exercitation ullamco<\/p>\n\n\n\n\n\n\n<p>Lorem ipsum dolor sit amet, consetetur sadipscing elitr, sed diam nonumy eirmod tempor invidunt ut labore et dolore magna aliquyam erat, sed diam voluptua.<\/p>\n\n\n\n\n\n\n<p> Lorem ipsum dolor sit amet, consectetur adipiscing elit, sed do eiusmod tempor incididunt ut labore et dolore magna aliqua. Ut enim ad minim veniam, quis nostrud exercitation ullamco<\/p>\n\n\n\n\n\n\n\n\n\n\n<h2>CONTACTO<\/h2>\n\n\n\n\n\n\n\n\n\n","protected":false},"excerpt":{"rendered":"","protected":false},"author":1,"featured_media":0,"parent":0,"menu_order":0,"comment_status":"closed","ping_status":"closed","template":"","meta":{"pagelayer_contact_templates":{"f839092":{"cont_subject":"contact page","cont_header":"$name,$email,$subject,$message","cont_use_html":"true"}},"_pagelayer_content":"","_joinchat":[],"footnotes":""},"class_list":["post-21","page","type-page","status-publish","hentry"],"_links":{"self":[{"href":"https:\/\/www.innovatch.cl\/index.php?rest_route=\/wp\/v2\/pages\/21","targetHints":{"allow":["GET"]}}],"collection":[{"href":"https:\/\/www.innovatch.cl\/index.php?rest_route=\/wp\/v2\/pages"}],"about":[{"href":"https:\/\/www.innovatch.cl\/index.php?rest_route=\/wp\/v2\/types\/page"}],"author":[{"embeddable":true,"href":"https:\/\/www.innovatch.cl\/index.php?rest_route=\/wp\/v2\/users\/1"}],"replies":[{"embeddable":true,"href":"https:\/\/www.innovatch.cl\/index.php?rest_route=%2Fwp%2Fv2%2Fcomments&post=21"}],"version-history":[{"count":80,"href":"https:\/\/www.innovatch.cl\/index.php?rest_route=\/wp\/v2\/pages\/21\/revisions"}],"predecessor-version":[{"id":279,"href":"https:\/\/www.innovatch.cl\/index.php?rest_route=\/wp\/v2\/pages\/21\/revisions\/279"}],"wp:attachment":[{"href":"https:\/\/www.innovatch.cl\/index.php?rest_route=%2Fwp%2Fv2%2Fmedia&parent=21"}],"curies":[{"name":"wp","href":"https:\/\/api.w.org\/{rel}","templated":true}]}}